{"id":90,"date":"2025-10-30T22:17:52","date_gmt":"2025-10-30T22:17:52","guid":{"rendered":"https:\/\/www.atelierbauer.cz\/?page_id=90"},"modified":"2025-10-30T22:17:54","modified_gmt":"2025-10-30T22:17:54","slug":"vasen","status":"publish","type":"page","link":"https:\/\/www.atelierbauer.cz\/?page_id=90","title":{"rendered":"V\u00c1\u0160E\u0147"},"content":{"rendered":"\n<h2 class=\"wp-block-heading\">V\u00c1\u0160E\u0147<\/h2>\n","protected":false},"excerpt":{"rendered":"<p>V\u00c1\u0160E\u0147<\/p>\n","protected":false},"author":1,"featured_media":0,"parent":0,"menu_order":0,"comment_status":"closed","ping_status":"closed","template":"","meta":{"footnotes":""},"class_list":["post-90","page","type-page","status-publish","hentry"],"jetpack_sharing_enabled":true,"acf":[],"_links":{"self":[{"href":"https:\/\/www.atelierbauer.cz\/index.php?rest_route=\/wp\/v2\/pages\/90","targetHints":{"allow":["GET"]}}],"collection":[{"href":"https:\/\/www.atelierbauer.cz\/index.php?rest_route=\/wp\/v2\/pages"}],"about":[{"href":"https:\/\/www.atelierbauer.cz\/index.php?rest_route=\/wp\/v2\/types\/page"}],"author":[{"embeddable":true,"href":"https:\/\/www.atelierbauer.cz\/index.php?rest_route=\/wp\/v2\/users\/1"}],"replies":[{"embeddable":true,"href":"https:\/\/www.atelierbauer.cz\/index.php?rest_route=%2Fwp%2Fv2%2Fcomments&post=90"}],"version-history":[{"count":3,"href":"https:\/\/www.atelierbauer.cz\/index.php?rest_route=\/wp\/v2\/pages\/90\/revisions"}],"predecessor-version":[{"id":121,"href":"https:\/\/www.atelierbauer.cz\/index.php?rest_route=\/wp\/v2\/pages\/90\/revisions\/121"}],"wp:attachment":[{"href":"https:\/\/www.atelierbauer.cz\/index.php?rest_route=%2Fwp%2Fv2%2Fmedia&parent=90"}],"curies":[{"name":"wp","href":"https:\/\/api.w.org\/{rel}","templated":true}]}}